{"id":2246,"date":"2015-10-22T16:05:38","date_gmt":"2015-10-22T15:05:38","guid":{"rendered":"http:\/\/www.mgra.pt\/en\/?page_id=2246"},"modified":"2025-09-17T15:26:13","modified_gmt":"2025-09-17T14:26:13","slug":"french-desk","status":"publish","type":"page","link":"https:\/\/mgra.pt\/en\/capabilities\/desks\/french-desk\/","title":{"rendered":"French"},"content":{"rendered":"<div id=\"cs-content\" class=\"cs-content\"><\/div>\n","protected":false},"excerpt":{"rendered":"<p>Bienvenue au French Desk de MGRA. Anticipant et r\u00e9pondant \u00e0 la demande croissante de services juridiques et de conseil de la part de clients francophones, et conform\u00e9ment \u00e0 la strat\u00e9gie d\u2019internationalisation de MGRA, nous avons &#8230; <a href=\"https:\/\/mgra.pt\/en\/capabilities\/desks\/french-desk\/\" class=\"more-link\">Read More<\/a><\/p>\n","protected":false},"author":3,"featured_media":0,"parent":2218,"menu_order":0,"comment_status":"closed","ping_status":"open","template":"template-layout-content-sidebar.php","meta":{"footnotes":""},"class_list":["post-2246","page","type-page","status-publish","hentry","no-post-thumbnail"],"_links":{"self":[{"href":"https:\/\/mgra.pt\/en\/wp-json\/wp\/v2\/pages\/2246","targetHints":{"allow":["GET"]}}],"collection":[{"href":"https:\/\/mgra.pt\/en\/wp-json\/wp\/v2\/pages"}],"about":[{"href":"https:\/\/mgra.pt\/en\/wp-json\/wp\/v2\/types\/page"}],"author":[{"embeddable":true,"href":"https:\/\/mgra.pt\/en\/wp-json\/wp\/v2\/users\/3"}],"replies":[{"embeddable":true,"href":"https:\/\/mgra.pt\/en\/wp-json\/wp\/v2\/comments?post=2246"}],"version-history":[{"count":0,"href":"https:\/\/mgra.pt\/en\/wp-json\/wp\/v2\/pages\/2246\/revisions"}],"up":[{"embeddable":true,"href":"https:\/\/mgra.pt\/en\/wp-json\/wp\/v2\/pages\/2218"}],"wp:attachment":[{"href":"https:\/\/mgra.pt\/en\/wp-json\/wp\/v2\/media?parent=2246"}],"curies":[{"name":"wp","href":"https:\/\/api.w.org\/{rel}","templated":true}]}}