{"id":1898,"date":"2015-10-19T13:18:41","date_gmt":"2015-10-19T12:18:41","guid":{"rendered":"http:\/\/www.mgra.pt\/en\/?page_id=1898"},"modified":"2025-08-25T16:41:09","modified_gmt":"2025-08-25T15:41:09","slug":"applications","status":"publish","type":"page","link":"https:\/\/mgra.pt\/en\/mgra\/careers\/applications\/","title":{"rendered":"Applications"},"content":{"rendered":"<div id=\"x-section-1\" class=\"x-section\" style=\"margin: 0px 0px 0px 0px; padding: 45px 0px 45px 0px;  background-color: transparent;\" ><div id=\"\" class=\"x-container max width\" style=\"margin: 0px auto 0px auto; padding: 0px 0px 0px 0px; \" ><div  class=\"x-column x-sm x-1-1\" style=\"padding: 0px 0px 0px 0px; \" ><div id=\"\" class=\"x-text\" style=\"\" ><p>Pode optar por duas formas de candidatura, por preenchimento de formul\u00e1rio no site ou envio por e-mail das suas informa\u00e7\u00f5es e curr\u00edculo.<\/p>\n<\/div><\/div><\/div><div id=\"\" class=\"x-container max width\" style=\"margin: 0px auto 0px auto; padding: 0px 0px 0px 0px; \" ><div  class=\"x-column x-sm x-1-1\" style=\"padding: 0px 0px 0px 0px; \" ><ul  class=\"x-nav x-nav-tabs two-up top\"  data-x-element=\"tab_nav\" data-x-params=\"{&quot;orientation&quot;:&quot;horizontal&quot;}\" role=\"tablist\"><li  class=\"x-nav-tabs-item active\"  role=\"presentation\"><a id=\"x-legacy-tab-1\" aria-selected=\"true\" aria-controls=\"x-legacy-panel-1\" role=\"tab\" data-x-toggle=\"tab\" data-x-toggleable=\"x-legacy-tab-1\" data-x-toggle-group=\"69e217a8bd011\">Preencher formul\u00e1rio<\/a><\/li><li  class=\"x-nav-tabs-item\"  role=\"presentation\"><a id=\"x-legacy-tab-2\" aria-selected=\"false\" aria-controls=\"x-legacy-panel-2\" role=\"tab\" data-x-toggle=\"tab\" data-x-toggleable=\"x-legacy-tab-2\" data-x-toggle-group=\"69e217a8bd011\">Enviar e-mail<\/a><\/li><\/ul><div  class=\"x-tab-content\" ><div id=\"x-legacy-panel-1\" class=\"x-tab-pane active\"  aria-hidden=\"false\" aria-labelledby=\"x-legacy-tab-1\" role=\"tabpanel\" data-x-toggleable=\"x-legacy-tab-1\"><p class=\"wpcf7-contact-form-not-found\"><strong>Error:<\/strong> Contact form not found.<\/p><\/div><div id=\"x-legacy-panel-2\" class=\"x-tab-pane\"  aria-hidden=\"true\" aria-labelledby=\"x-legacy-tab-2\" role=\"tabpanel\" data-x-toggleable=\"x-legacy-tab-2\">Enviar candidatura para:<br \/>\n<a href=\"mailto: candidaturas@mgra.pt\">candidaturas@mgra.pt<\/a><\/p>\n<p>Anexar curr\u00edculo e outras informa\u00e7\u00f5es relevantes.<\/p>\n<p>Obrigado pela sua candidatura.<\/div><\/div><\/div><\/div><\/div>\n","protected":false},"excerpt":{"rendered":"","protected":false},"author":3,"featured_media":0,"parent":1889,"menu_order":0,"comment_status":"closed","ping_status":"open","template":"template-layout-content-sidebar.php","meta":{"footnotes":""},"class_list":["post-1898","page","type-page","status-publish","hentry","no-post-thumbnail"],"_links":{"self":[{"href":"https:\/\/mgra.pt\/en\/wp-json\/wp\/v2\/pages\/1898","targetHints":{"allow":["GET"]}}],"collection":[{"href":"https:\/\/mgra.pt\/en\/wp-json\/wp\/v2\/pages"}],"about":[{"href":"https:\/\/mgra.pt\/en\/wp-json\/wp\/v2\/types\/page"}],"author":[{"embeddable":true,"href":"https:\/\/mgra.pt\/en\/wp-json\/wp\/v2\/users\/3"}],"replies":[{"embeddable":true,"href":"https:\/\/mgra.pt\/en\/wp-json\/wp\/v2\/comments?post=1898"}],"version-history":[{"count":0,"href":"https:\/\/mgra.pt\/en\/wp-json\/wp\/v2\/pages\/1898\/revisions"}],"up":[{"embeddable":true,"href":"https:\/\/mgra.pt\/en\/wp-json\/wp\/v2\/pages\/1889"}],"wp:attachment":[{"href":"https:\/\/mgra.pt\/en\/wp-json\/wp\/v2\/media?parent=1898"}],"curies":[{"name":"wp","href":"https:\/\/api.w.org\/{rel}","templated":true}]}}