{"id":1558,"date":"2015-10-07T16:22:54","date_gmt":"2015-10-07T16:22:54","guid":{"rendered":"http:\/\/www.mgra.pt\/en\/?page_id=1558"},"modified":"2018-07-02T12:54:41","modified_gmt":"2018-07-02T12:54:41","slug":"awards","status":"publish","type":"page","link":"https:\/\/mgra.pt\/en\/mgra\/recommendations\/awards\/","title":{"rendered":"Awards"},"content":{"rendered":"<div id=\"x-section-1\" class=\"x-section\" style=\"margin: 0px 0px 0px 0px; padding: 45px 0px 45px 0px;  background-color: transparent;\" ><div id=\"\" class=\"x-container max width\" style=\"margin: 0px auto 0px auto; padding: 0px 0px 0px 0px; \" ><div  class=\"x-column x-sm x-1-1\" style=\"padding: 0px 0px 0px 0px; \" ><img decoding=\"async\" class=\"x-img x-img-thumbnail\" src=\"https:\/\/mgra.pt\/wp-content\/uploads\/2015\/09\/slide11.jpg\" alt=\"\" title=\"\"><\/div><\/div><div id=\"\" class=\"x-container max width\" style=\"margin: 0px auto 0px auto; padding: 0px 0px 0px 0px; \" ><div  class=\"x-column x-sm x-1-1\" style=\"padding: 0px 0px 0px 0px; \" ><div id=\"\" class=\"x-text\" style=\"\" ><p>Veja a nossa hist\u00f3ria<\/p>\n<\/div><div  class=\"x-accordion\" ><div  class=\"x-accordion-group\" ><div class=\"x-accordion-heading\"><a id=\"tab-69e1efa573d9b\" class=\"x-accordion-toggle\" role=\"tab\" data-x-toggle=\"collapse-b\" data-x-toggleable=\"69e1efa573d9b\" aria-selected=\"true\" aria-expanded=\"true\" aria-controls=\"panel-69e1efa573d9b\"><i class='x-framework-icon x-shortcode-accordion-icon' data-x-icon-s='&#x2b;' aria-hidden=true><\/i><span>2004<\/span><\/a><\/div><div id=\"panel-69e1efa573d9b\" class=\"x-accordion-body\" role=\"tabpanel\" data-x-toggle-collapse=\"1\" data-x-toggleable=\"69e1efa573d9b\" aria-hidden=\"false\" aria-labelledby=\"tab-69e1efa573d9b\"><div class=\"x-accordion-inner\">\n<ul>\n<li>Ano da Funda\u00e7\u00e3o: In\u00edcio da atividade com os s\u00f3cios fundadores e alguns colaboradores<\/li>\n<li>A MGRA inaugura o seu 1\u00ba escrit\u00f3rio, sediando-se no 1\u00ba andar de um edif\u00edcio do centro econ\u00f3mico de Lisboa<\/li>\n<li>Defini\u00e7\u00e3o das \u00e1reas de atua\u00e7\u00e3o priorit\u00e1rias<\/li>\n<\/ul>\n<\/div><\/div><\/div><div  class=\"x-accordion-group\" ><div class=\"x-accordion-heading\"><a id=\"tab-69e1efa573db6\" class=\"x-accordion-toggle collapsed\" role=\"tab\" data-x-toggle=\"collapse-b\" data-x-toggleable=\"69e1efa573db6\" aria-selected=\"false\" aria-expanded=\"false\" aria-controls=\"panel-69e1efa573db6\"><i class='x-framework-icon x-shortcode-accordion-icon' data-x-icon-s='&#x2b;' aria-hidden=true><\/i><span>2005<\/span><\/a><\/div><div id=\"panel-69e1efa573db6\" class=\"x-accordion-body x-collapsed\" role=\"tabpanel\" data-x-toggle-collapse=\"1\" data-x-toggleable=\"69e1efa573db6\" aria-hidden=\"true\" aria-labelledby=\"tab-69e1efa573db6\"><div class=\"x-accordion-inner\">\n<ul>\n<li>Associa\u00e7\u00e3o exclusiva ao ILN \u2013 International Lawyers Network com +100 escrit\u00f3rios associados, presente em 67 pa\u00edses<\/li>\n<li>Proje\u00e7\u00e3o internacional com os primeiros grandes Clientes multinacionais [Fortune 500]<\/li>\n<li>Forma\u00e7\u00e3o de equipas setoriais com profissionais de diversas \u00e1reas<\/li>\n<li>Cria\u00e7\u00e3o da marca E-Legal<\/li>\n<\/ul>\n<\/div><\/div><\/div><div  class=\"x-accordion-group\" ><div class=\"x-accordion-heading\"><a id=\"tab-69e1efa573dd2\" class=\"x-accordion-toggle collapsed\" role=\"tab\" data-x-toggle=\"collapse-b\" data-x-toggleable=\"69e1efa573dd2\" aria-selected=\"false\" aria-expanded=\"false\" aria-controls=\"panel-69e1efa573dd2\"><i class='x-framework-icon x-shortcode-accordion-icon' data-x-icon-s='&#x2b;' aria-hidden=true><\/i><span>2006<\/span><\/a><\/div><div id=\"panel-69e1efa573dd2\" class=\"x-accordion-body x-collapsed\" role=\"tabpanel\" data-x-toggle-collapse=\"1\" data-x-toggleable=\"69e1efa573dd2\" aria-hidden=\"true\" aria-labelledby=\"tab-69e1efa573dd2\"><div class=\"x-accordion-inner\">\n<ul>\n<li>A Legal500 distingue pela 1\u00aa vez a MGRA em Direito Banc\u00e1rio, Financeiro, Mercados de Capitais, Societ\u00e1rio, Fiscal e Telecomunica\u00e7\u00f5es<\/li>\n<li>A MGRA esteve envolvida nos maiores neg\u00f3cios do ano em Portugal<\/li>\n<li>Distinguida pela 1\u00aa vez pela Chambers &amp; Partners em Direito Societ\u00e1rio e Fiscal<\/li>\n<li>Ocupa o 2\u00ba andar do edif\u00edcio Sede, contando com +20 colaboradores<\/li>\n<\/ul>\n<\/div><\/div><\/div><div  class=\"x-accordion-group\" ><div class=\"x-accordion-heading\"><a id=\"tab-69e1efa573de3\" class=\"x-accordion-toggle collapsed\" role=\"tab\" data-x-toggle=\"collapse-b\" data-x-toggleable=\"69e1efa573de3\" aria-selected=\"false\" aria-expanded=\"false\" aria-controls=\"panel-69e1efa573de3\"><i class='x-framework-icon x-shortcode-accordion-icon' data-x-icon-s='&#x2b;' aria-hidden=true><\/i><span>2007<\/span><\/a><\/div><div id=\"panel-69e1efa573de3\" class=\"x-accordion-body x-collapsed\" role=\"tabpanel\" data-x-toggle-collapse=\"1\" data-x-toggleable=\"69e1efa573de3\" aria-hidden=\"true\" aria-labelledby=\"tab-69e1efa573de3\"><div class=\"x-accordion-inner\">\n<ul>\n<li>A MGRA ultrapassa os 100 Clientes e os 30 Colaboradores<\/li>\n<li>Estende-se ao 3\u00ba andar, ocupando 3 pisos do edif\u00edcio Sede<\/li>\n<li>A MGRA presta assessoria a PMEs e a multinacionais, nos diversos ramos da sua atividade<\/li>\n<li>A MGRA alarga o leque de setores com equipas especializadas<\/li>\n<li>A MGRA presente na Constru\u00e7\u00e3o, imobili\u00e1rio e turismo<\/li>\n<\/ul>\n<\/div><\/div><\/div><div  class=\"x-accordion-group\" ><div class=\"x-accordion-heading\"><a id=\"tab-69e1efa573df6\" class=\"x-accordion-toggle collapsed\" role=\"tab\" data-x-toggle=\"collapse-b\" data-x-toggleable=\"69e1efa573df6\" aria-selected=\"false\" aria-expanded=\"false\" aria-controls=\"panel-69e1efa573df6\"><i class='x-framework-icon x-shortcode-accordion-icon' data-x-icon-s='&#x2b;' aria-hidden=true><\/i><span>2008<\/span><\/a><\/div><div id=\"panel-69e1efa573df6\" class=\"x-accordion-body x-collapsed\" role=\"tabpanel\" data-x-toggle-collapse=\"1\" data-x-toggleable=\"69e1efa573df6\" aria-hidden=\"true\" aria-labelledby=\"tab-69e1efa573df6\"><div class=\"x-accordion-inner\">\n<ul>\n<li>Associa\u00e7\u00e3o exclusiva com a First Law International, presente em 70 jurisdi\u00e7\u00f5es<\/li>\n<li>\u201cMGRA Tax Department leader wins praise for his intelligence and clarity\u201d \u2013 \u00a0Chambers Europe<\/li>\n<li>A MGRA entra no setor do Direito P\u00fablico e dos Transportes, assessorando os procedimentos de implementa\u00e7\u00e3o da bilh\u00e9tica integrada dos transportadores da \u00e1rea urbana de Lisboa<\/li>\n<li>A MGRA est\u00e1 presente em todos os maiores anu\u00e1rios e guias jur\u00eddicos internacionais, com diversas refer\u00eancias honrosas dos seus Clientes:<\/li>\n<li>\u201cO Departamento de Direito Fiscal fala uma linguagem percet\u00edvel \u2013 e isso \u00e9 raro\u201d<\/li>\n<li>\u201cO Departamento de Propriedade Intelectual \u00e9 claro no seu trabalho, s\u00e9rio, confiante e amigo\u201d<\/li>\n<\/ul>\n<\/div><\/div><\/div><div  class=\"x-accordion-group\" ><div class=\"x-accordion-heading\"><a id=\"tab-69e1efa573e06\" class=\"x-accordion-toggle collapsed\" role=\"tab\" data-x-toggle=\"collapse-b\" data-x-toggleable=\"69e1efa573e06\" aria-selected=\"false\" aria-expanded=\"false\" aria-controls=\"panel-69e1efa573e06\"><i class='x-framework-icon x-shortcode-accordion-icon' data-x-icon-s='&#x2b;' aria-hidden=true><\/i><span>2009<\/span><\/a><\/div><div id=\"panel-69e1efa573e06\" class=\"x-accordion-body x-collapsed\" role=\"tabpanel\" data-x-toggle-collapse=\"1\" data-x-toggleable=\"69e1efa573e06\" aria-hidden=\"true\" aria-labelledby=\"tab-69e1efa573e06\"><div class=\"x-accordion-inner\">\n<ul>\n<li>Criado o Mozambique Desk, uma equipa internacional dedicada a Mo\u00e7ambique<\/li>\n<li>Inaugura\u00e7\u00e3o da Biblioteca MGRA com milhares de exemplares<\/li>\n<li>Cria\u00e7\u00e3o de grupos de trabalho dedicados ao Ambiente, Energia e Oil&amp;Gas<\/li>\n<li>MGRA distinguida e recomendada pela Chambers e pela Legal500<\/li>\n<li>O Departamento Societ\u00e1rio &amp; Financeiro da MGRA elogiado pelos Clientes pela \u201cexperi\u00eancia na \u00e1rea das securitiza\u00e7\u00f5es\u201d e descrita como \u201cuma firma muito confiante e cautelosa, analisando as quest\u00f5es de todas as perspectivas e na antecipa\u00e7\u00e3o de riscos\u201d &#8211; Chambers<\/li>\n<\/ul>\n<\/div><\/div><\/div><div  class=\"x-accordion-group\" ><div class=\"x-accordion-heading\"><a id=\"tab-69e1efa573e15\" class=\"x-accordion-toggle collapsed\" role=\"tab\" data-x-toggle=\"collapse-b\" data-x-toggleable=\"69e1efa573e15\" aria-selected=\"false\" aria-expanded=\"false\" aria-controls=\"panel-69e1efa573e15\"><i class='x-framework-icon x-shortcode-accordion-icon' data-x-icon-s='&#x2b;' aria-hidden=true><\/i><span>2010<\/span><\/a><\/div><div id=\"panel-69e1efa573e15\" class=\"x-accordion-body x-collapsed\" role=\"tabpanel\" data-x-toggle-collapse=\"1\" data-x-toggleable=\"69e1efa573e15\" aria-hidden=\"true\" aria-labelledby=\"tab-69e1efa573e15\"><div class=\"x-accordion-inner\">\n<ul>\n<li>Inaugurado no Algarve, centro de Faro, o novo escrit\u00f3rio da MGRA<\/li>\n<li>\u201cBusiness sense above all else\u201d \u2013 a perspectiva de um Cliente citado na Legal500<\/li>\n<li>No setor dos Transportes Mar\u00edtimos a Chambers recomenda a MGRA<\/li>\n<li>Criados Desks na MGRA para todos os Pa\u00edses de L\u00edngua Oficial Portuguesa<\/li>\n<\/ul>\n<\/div><\/div><\/div><div  class=\"x-accordion-group\" ><div class=\"x-accordion-heading\"><a id=\"tab-69e1efa573e25\" class=\"x-accordion-toggle collapsed\" role=\"tab\" data-x-toggle=\"collapse-b\" data-x-toggleable=\"69e1efa573e25\" aria-selected=\"false\" aria-expanded=\"false\" aria-controls=\"panel-69e1efa573e25\"><i class='x-framework-icon x-shortcode-accordion-icon' data-x-icon-s='&#x2b;' aria-hidden=true><\/i><span>2011<\/span><\/a><\/div><div id=\"panel-69e1efa573e25\" class=\"x-accordion-body x-collapsed\" role=\"tabpanel\" data-x-toggle-collapse=\"1\" data-x-toggleable=\"69e1efa573e25\" aria-hidden=\"true\" aria-labelledby=\"tab-69e1efa573e25\"><div class=\"x-accordion-inner\">\n<ul>\n<li>Inaugura\u00e7\u00e3o nos A\u00e7ores, Ponta Delgada, do novo escrit\u00f3rio da MGRA<\/li>\n<li>Estabelecidas parcerias relevantes nos Pa\u00edses de L\u00edngua Portuguesa<\/li>\n<li>1\u00aa Edi\u00e7\u00e3o da publica\u00e7\u00e3o mensal MGRA, a \u201cE-Legal News\u201d<\/li>\n<li>A MGRA \u00e9 a anfitri\u00e3 do maior Encontro Internacional de Advogados, em Lisboa<\/li>\n<li>A MGRA representa em Portugal e no estrangeiro dezenas de multinacionais, sendo distinguida internacionalmente pelos servi\u00e7os prestados<\/li>\n<\/ul>\n<\/div><\/div><\/div><div  class=\"x-accordion-group\" ><div class=\"x-accordion-heading\"><a id=\"tab-69e1efa573e39\" class=\"x-accordion-toggle collapsed\" role=\"tab\" data-x-toggle=\"collapse-b\" data-x-toggleable=\"69e1efa573e39\" aria-selected=\"false\" aria-expanded=\"false\" aria-controls=\"panel-69e1efa573e39\"><i class='x-framework-icon x-shortcode-accordion-icon' data-x-icon-s='&#x2b;' aria-hidden=true><\/i><span>2012<\/span><\/a><\/div><div id=\"panel-69e1efa573e39\" class=\"x-accordion-body x-collapsed\" role=\"tabpanel\" data-x-toggle-collapse=\"1\" data-x-toggleable=\"69e1efa573e39\" aria-hidden=\"true\" aria-labelledby=\"tab-69e1efa573e39\"><div class=\"x-accordion-inner\">\n<ul>\n<li>MGRA distinguida com mais de 100 pr\u00e9mios internacionais nas diversas \u00e1reas de pr\u00e1tica<\/li>\n<li>A MGRA muda a sua Sede para a Pra\u00e7a Duque de Saldanha, o cora\u00e7\u00e3o econ\u00f3mico e financeiro de Lisboa<\/li>\n<li>A MGRA torna-se parceira de diversas Institui\u00e7\u00f5es de Solidariedade Social<\/li>\n<li>A MGRA \u00e9 contratada para assessorar grandes opera\u00e7\u00f5es em Portugal e \u00c1frica<\/li>\n<li>S\u00e3o criados os US e o UK Desks da MGRA<\/li>\n<\/ul>\n<\/div><\/div><\/div><div  class=\"x-accordion-group\" ><div class=\"x-accordion-heading\"><a id=\"tab-69e1efa573e58\" class=\"x-accordion-toggle collapsed\" role=\"tab\" data-x-toggle=\"collapse-b\" data-x-toggleable=\"69e1efa573e58\" aria-selected=\"false\" aria-expanded=\"false\" aria-controls=\"panel-69e1efa573e58\"><i class='x-framework-icon x-shortcode-accordion-icon' data-x-icon-s='&#x2b;' aria-hidden=true><\/i><span>2013<\/span><\/a><\/div><div id=\"panel-69e1efa573e58\" class=\"x-accordion-body x-collapsed\" role=\"tabpanel\" data-x-toggle-collapse=\"1\" data-x-toggleable=\"69e1efa573e58\" aria-hidden=\"true\" aria-labelledby=\"tab-69e1efa573e58\"><div class=\"x-accordion-inner\">\n<ul>\n<li>Abertura do novo escrit\u00f3rio MGRA, em Viseu. A MGRA \u00e9 agora o \u00fanico escrit\u00f3rio com presen\u00e7a pr\u00f3pria de Norte a Sul do Pa\u00eds, incluindo ilhas<\/li>\n<li>Promotora de diversos ciclos de confer\u00eancias e os seus profissionais oradores em diversos eventos<\/li>\n<li>A MGRA presta assessoria na forma\u00e7\u00e3o das primeiras parcerias p\u00fablico-privadas em Mo\u00e7ambique<\/li>\n<li>\u00c9 criado o Espanha Desk<\/li>\n<\/ul>\n<\/div><\/div><\/div><div  class=\"x-accordion-group\" ><div class=\"x-accordion-heading\"><a id=\"tab-69e1efa573e68\" class=\"x-accordion-toggle collapsed\" role=\"tab\" data-x-toggle=\"collapse-b\" data-x-toggleable=\"69e1efa573e68\" aria-selected=\"false\" aria-expanded=\"false\" aria-controls=\"panel-69e1efa573e68\"><i class='x-framework-icon x-shortcode-accordion-icon' data-x-icon-s='&#x2b;' aria-hidden=true><\/i><span>2014<\/span><\/a><\/div><div id=\"panel-69e1efa573e68\" class=\"x-accordion-body x-collapsed\" role=\"tabpanel\" data-x-toggle-collapse=\"1\" data-x-toggleable=\"69e1efa573e68\" aria-hidden=\"true\" aria-labelledby=\"tab-69e1efa573e68\"><div class=\"x-accordion-inner\">\n<ul>\n<li>10 Anos MGRA: a hist\u00f3ria da MGRA faz-se com centenas de Clientes ativos, colaboradores entusiasmados e novos mercados sempre presentes<\/li>\n<li>Realiza\u00e7\u00e3o do Semin\u00e1rio destinado ao mercado franc\u00f3fono, sob o tema: \u201cLe R\u00e8gime Fiscal des Retrait\u00e9s qui SInstallent au Portugal\u201d<\/li>\n<li>Cria\u00e7\u00e3o do French Desk e do Suisse Desk<\/li>\n<li>\u00c9 criado o China Desk<\/li>\n<li>\u00c9 criado o Alemanha\u00a0Desk<\/li>\n<\/ul>\n<\/div><\/div><\/div><div  class=\"x-accordion-group\" ><div class=\"x-accordion-heading\"><a id=\"tab-69e1efa573e7c\" class=\"x-accordion-toggle collapsed\" role=\"tab\" data-x-toggle=\"collapse-b\" data-x-toggleable=\"69e1efa573e7c\" aria-selected=\"false\" aria-expanded=\"false\" aria-controls=\"panel-69e1efa573e7c\"><i class='x-framework-icon x-shortcode-accordion-icon' data-x-icon-s='&#x2b;' aria-hidden=true><\/i><span>2015<\/span><\/a><\/div><div id=\"panel-69e1efa573e7c\" class=\"x-accordion-body x-collapsed\" role=\"tabpanel\" data-x-toggle-collapse=\"1\" data-x-toggleable=\"69e1efa573e7c\" aria-hidden=\"true\" aria-labelledby=\"tab-69e1efa573e7c\"><div class=\"x-accordion-inner\">\n<ul>\n<li>Ainda estamos a construir a hist\u00f3ria<\/li>\n<\/ul>\n<\/div><\/div><\/div><\/div><\/div><\/div><div id=\"\" class=\"x-container max width\" style=\"margin: 0px auto 0px auto; padding: 0px 0px 0px 0px; \" ><div  class=\"x-column x-sm x-1-1\" style=\"padding: 0px 0px 0px 0px; \" ><div  class=\"x-entry-share\" ><p>Partilhar esta p\u00e1gina<\/p><div class=\"x-share-options\"><a href=\"#share\" data-x-element=\"extra\" data-x-params=\"{&quot;type&quot;:&quot;tooltip&quot;,&quot;trigger&quot;:&quot;hover&quot;,&quot;placement&quot;:&quot;bottom&quot;,&quot;title&quot;:&quot;&quot;,&quot;content&quot;:&quot;&quot;}\" class=\"x-share\" title=\"Share on Facebook\" onclick=\"window.open('http:\/\/www.facebook.com\/sharer.php?u=https%3A%2F%2Fmgra.pt%2Fen%2Fwp-json%2Fwp%2Fv2%2Fpages%2F1558%2F&amp;t=e-Legal+Blawg%C2%AE', 'popupFacebook', 'width=650, height=270, resizable=0, toolbar=0, menubar=0, status=0, location=0, scrollbars=0'); return false;\"><i class=\"x-icon-facebook-square\" data-x-icon-b=\"&#xf082;\"><\/i><\/a><a href=\"#share\" data-x-element=\"extra\" data-x-params=\"{&quot;type&quot;:&quot;tooltip&quot;,&quot;trigger&quot;:&quot;hover&quot;,&quot;placement&quot;:&quot;bottom&quot;,&quot;title&quot;:&quot;&quot;,&quot;content&quot;:&quot;&quot;}\" class=\"x-share\" title=\"Share on X\" onclick=\"window.open('https:\/\/twitter.com\/intent\/tweet?text=e-Legal+Blawg%C2%AE&amp;url=https%3A%2F%2Fmgra.pt%2Fen%2Fwp-json%2Fwp%2Fv2%2Fpages%2F1558%2F', 'popupTwitter', 'width=500, height=370, resizable=0, toolbar=0, menubar=0, status=0, location=0, scrollbars=0'); return false;\"><i class=\"x-icon-twitter-square\" data-x-icon-b=\"&#xe61a;\"><\/i><\/a><a href=\"#share\" data-x-element=\"extra\" data-x-params=\"{&quot;type&quot;:&quot;tooltip&quot;,&quot;trigger&quot;:&quot;hover&quot;,&quot;placement&quot;:&quot;bottom&quot;,&quot;title&quot;:&quot;&quot;,&quot;content&quot;:&quot;&quot;}\" class=\"x-share\" title=\"Share on LinkedIn\" onclick=\"window.open('http:\/\/www.linkedin.com\/shareArticle?mini=true&amp;url=https%3A%2F%2Fmgra.pt%2Fen%2Fwp-json%2Fwp%2Fv2%2Fpages%2F1558%2F&amp;title=e-Legal+Blawg%C2%AE&amp;summary=&amp;source=MGRA+Advogados', 'popupLinkedIn', 'width=610, height=480, resizable=0, toolbar=0, menubar=0, status=0, location=0, scrollbars=0'); return false;\"><i class=\"x-icon-linkedin-square\" data-x-icon-b=\"&#xf08c;\"><\/i><\/a><a href=\"mailto:?subject=e-Legal+Blawg%C2%AE&amp;body=Hey, thought you might enjoy this! Check it out when you have a chance: https:\/\/mgra.pt\/en\/mgra\/recommendations\/awards\/\" data-x-element=\"extra\" data-x-params=\"{&quot;type&quot;:&quot;tooltip&quot;,&quot;trigger&quot;:&quot;hover&quot;,&quot;placement&quot;:&quot;bottom&quot;,&quot;title&quot;:&quot;&quot;,&quot;content&quot;:&quot;&quot;}\" class=\"x-share email\" title=\"Share via Email\"><span><i class=\"x-icon-envelope-square\" data-x-icon-s=\"&#xf199;\"><\/i><\/span><\/a><\/div><\/div><\/div><\/div><\/div>\n","protected":false},"excerpt":{"rendered":"","protected":false},"author":3,"featured_media":0,"parent":1538,"menu_order":0,"comment_status":"closed","ping_status":"open","template":"template-layout-portfolio.php","meta":{"footnotes":""},"class_list":["post-1558","page","type-page","status-publish","hentry","no-post-thumbnail"],"_links":{"self":[{"href":"https:\/\/mgra.pt\/en\/wp-json\/wp\/v2\/pages\/1558","targetHints":{"allow":["GET"]}}],"collection":[{"href":"https:\/\/mgra.pt\/en\/wp-json\/wp\/v2\/pages"}],"about":[{"href":"https:\/\/mgra.pt\/en\/wp-json\/wp\/v2\/types\/page"}],"author":[{"embeddable":true,"href":"https:\/\/mgra.pt\/en\/wp-json\/wp\/v2\/users\/3"}],"replies":[{"embeddable":true,"href":"https:\/\/mgra.pt\/en\/wp-json\/wp\/v2\/comments?post=1558"}],"version-history":[{"count":0,"href":"https:\/\/mgra.pt\/en\/wp-json\/wp\/v2\/pages\/1558\/revisions"}],"up":[{"embeddable":true,"href":"https:\/\/mgra.pt\/en\/wp-json\/wp\/v2\/pages\/1538"}],"wp:attachment":[{"href":"https:\/\/mgra.pt\/en\/wp-json\/wp\/v2\/media?parent=1558"}],"curies":[{"name":"wp","href":"https:\/\/api.w.org\/{rel}","templated":true}]}}