{"id":1361,"date":"2015-02-18T21:43:17","date_gmt":"2015-02-18T21:43:17","guid":{"rendered":"http:\/\/www.mgra.pt\/en\/?page_id=1361"},"modified":"2026-03-24T15:05:47","modified_gmt":"2026-03-24T15:05:47","slug":"mgra-lawyers-portugal-lisbon-algarve-azores","status":"publish","type":"page","link":"https:\/\/mgra.pt\/en\/","title":{"rendered":"Home"},"content":{"rendered":"<div id=\"cs-content\" class=\"cs-content\"><\/div>\n","protected":false},"excerpt":{"rendered":"<p>Bem-vindoA MGRA \u00e9 uma sociedade de advogados global vocacionada para o apoio jur\u00eddico aos particulares, empresas e demais institui\u00e7\u00f5es, em aspetos cr\u00edticos e complexos da sua atividade.Business sense above all elseLegal 500SAIBA MAISpractices the fundamental &#8230; <a href=\"https:\/\/mgra.pt\/en\/\" class=\"more-link\">Read More<\/a><\/p>\n","protected":false},"author":3,"featured_media":15559,"parent":0,"menu_order":0,"comment_status":"closed","ping_status":"closed","template":"template-blank-1.php","meta":{"footnotes":""},"class_list":["post-1361","page","type-page","status-publish","has-post-thumbnail","hentry"],"_links":{"self":[{"href":"https:\/\/mgra.pt\/en\/wp-json\/wp\/v2\/pages\/1361","targetHints":{"allow":["GET"]}}],"collection":[{"href":"https:\/\/mgra.pt\/en\/wp-json\/wp\/v2\/pages"}],"about":[{"href":"https:\/\/mgra.pt\/en\/wp-json\/wp\/v2\/types\/page"}],"author":[{"embeddable":true,"href":"https:\/\/mgra.pt\/en\/wp-json\/wp\/v2\/users\/3"}],"replies":[{"embeddable":true,"href":"https:\/\/mgra.pt\/en\/wp-json\/wp\/v2\/comments?post=1361"}],"version-history":[{"count":18,"href":"https:\/\/mgra.pt\/en\/wp-json\/wp\/v2\/pages\/1361\/revisions"}],"predecessor-version":[{"id":17433,"href":"https:\/\/mgra.pt\/en\/wp-json\/wp\/v2\/pages\/1361\/revisions\/17433"}],"wp:featuredmedia":[{"embeddable":true,"href":"https:\/\/mgra.pt\/en\/wp-json\/wp\/v2\/media\/15559"}],"wp:attachment":[{"href":"https:\/\/mgra.pt\/en\/wp-json\/wp\/v2\/media?parent=1361"}],"curies":[{"name":"wp","href":"https:\/\/api.w.org\/{rel}","templated":true}]}}